{"id":64,"date":"2022-03-21T20:50:28","date_gmt":"2022-03-21T20:50:28","guid":{"rendered":"https:\/\/thelighthouse.top\/?page_id=64"},"modified":"2024-12-13T23:42:02","modified_gmt":"2024-12-13T23:42:02","slug":"contact","status":"publish","type":"page","link":"https:\/\/gracenet.nu\/fr\/contact\/","title":{"rendered":"Contact"},"content":{"rendered":"<!--themify_builder_content-->\n<div id=\"themify_builder_content-64\" data-postid=\"64\" class=\"themify_builder_content themify_builder_content-64 themify_builder tf_clear\">\n    \t<!-- module_row -->\n\t<div  data-lazy=\"1\" class=\"module_row themify_builder_row tb_ssor857 tb_first tf_clearfix\">\n\t    \t\t<div class=\"row_inner col_align_top col-count-1 tf_box tf_w tf_rel\">\n\t\t\t<div  data-lazy=\"1\" class=\"module_column tb-column col-full first tb_ovte858 tf_box\">\n\t\t\t    \t        <div class=\"tb-column-inner tf_box tf_w\">\n\t\t    <!-- module divider -->\n<div  class=\"module tf_mw module-divider tb_20i0859 double\" style=\"border-width: 5px;border-color: #BDBDBD;\" data-lazy=\"1\">\n    <\/div>\n<!-- \/module divider -->\n\t        <\/div>\n\t    \t<\/div>\n\t\t    <\/div>\n\t    <!-- \/row_inner -->\n\t<\/div>\n\t<!-- \/module_row -->\n\t\t<!-- module_row -->\n\t<div  data-lazy=\"1\" class=\"module_row themify_builder_row tb_3np2857 tf_clearfix\">\n\t    \t\t<div class=\"row_inner col_align_top col-count-2 tf_box tf_w tf_rel\">\n\t\t\t<div  data-lazy=\"1\" class=\"module_column tb-column col3-1 first tb_qect859 tf_box\">\n\t\t\t    \t<\/div>\n\t\t<div  data-lazy=\"1\" class=\"module_column tb-column col3-2 last tb_vx4p860 tf_box\">\n\t\t\t    \t        <div class=\"tb-column-inner tf_box tf_w\">\n\t\t    <!-- module text -->\n<div  class=\"module module-text tb_fvo0860\" data-lazy=\"1\">\n        <div  class=\"tb_text_wrap\">\n    <h3><strong>Informations de contact\u00a0<\/strong><\/h3>    <\/div>\n<\/div>\n<!-- \/module text -->\t        <\/div>\n\t    \t<\/div>\n\t\t    <\/div>\n\t    <!-- \/row_inner -->\n\t<\/div>\n\t<!-- \/module_row -->\n\t\t<!-- module_row -->\n\t<div  data-lazy=\"1\" class=\"module_row themify_builder_row tb_f23x822 tf_clearfix\">\n\t    \t\t<div class=\"row_inner col_align_top col-count-2 tf_box tf_w tf_rel\">\n\t\t\t<div  data-lazy=\"1\" class=\"module_column tb-column col3-1 first tb_coyy823 tf_box\">\n\t\t\t    \t        <div class=\"tb-column-inner tf_box tf_w\">\n\t\t    <!-- module image -->\n<div  class=\"module module-image tb_wyje823 rounded bordered  image-top tf_mw\" data-lazy=\"1\">\n        <div class=\"image-wrap tf_rel tf_mw\">\n\t\t    <img loading=\"lazy\" decoding=\"async\" width=\"300\" height=\"170\" src=\"https:\/\/gracenet.nu\/wp-content\/uploads\/2024\/12\/orebro-university-psychology-300x170-1.png\" class=\"wp-post-image wp-image-1489\" title=\"orebro-university-psychology-300x170\" alt=\"orebro-university-psychology-300x170\" srcset=\"https:\/\/gracenet.nu\/wp-content\/uploads\/2024\/12\/orebro-university-psychology-300x170-1.png 300w, https:\/\/gracenet.nu\/wp-content\/uploads\/2024\/12\/orebro-university-psychology-300x170-1-18x10.png 18w\" sizes=\"auto, (max-width: 300px) 100vw, 300px\" \/>\t\n\t\t<\/div>\n\t<!-- \/image-wrap -->\n    \n    \t<\/div>\n<!-- \/module image -->\t        <\/div>\n\t    \t<\/div>\n\t\t<div  data-lazy=\"1\" class=\"module_column tb-column col3-2 last tb_8qda823 tf_box\">\n\t\t\t    \t        <div class=\"tb-column-inner tf_box tf_w\">\n\t\t    <!-- module text -->\n<div  class=\"module module-text tb_n18l824\" data-lazy=\"1\">\n        <div  class=\"tb_text_wrap\">\n    <p><strong>N'h\u00e9sitez pas \u00e0 me contacter si vous avez des r\u00e9flexions ou des questions sur la sant\u00e9 ou si vous avez des conseils pour am\u00e9liorer le site web.<\/strong><\/p>\n<p><strong>J'ai un PhD en sciences comportementales de l'Universit\u00e9 d'Orebro et de l'Universit\u00e9 de G\u00f6teborg, d'autres sujets scientifiques que j'ai \u00e9galement \u00e9tudi\u00e9s.<\/strong><\/p>\n<p>Contact: mail@gracenet.nu<\/p>    <\/div>\n<\/div>\n<!-- \/module text -->\t        <\/div>\n\t    \t<\/div>\n\t\t    <\/div>\n\t    <!-- \/row_inner -->\n\t<\/div>\n\t<!-- \/module_row -->\n\t\t<!-- module_row -->\n\t<div  data-lazy=\"1\" class=\"module_row themify_builder_row tb_k2ln422 tf_clearfix\">\n\t    \t\t<div class=\"row_inner col_align_top col-count-2 tf_box tf_w tf_rel\">\n\t\t\t<div  data-lazy=\"1\" class=\"module_column tb-column col3-1 first tb_6cc9422 tf_box\">\n\t\t\t    \t        <div class=\"tb-column-inner tf_box tf_w\">\n\t\t    <!-- module image -->\n<div  class=\"module module-image tb_zju9423 rounded bordered  image-top tf_mw\" data-lazy=\"1\">\n        <div class=\"image-wrap tf_rel tf_mw\">\n\t\t    <img loading=\"lazy\" decoding=\"async\" width=\"300\" height=\"170\" src=\"https:\/\/gracenet.nu\/wp-content\/uploads\/2024\/12\/edit-300x170-1.jpg\" class=\"wp-post-image wp-image-1490\" title=\"edit-300x170\" alt=\"edit-300x170\" srcset=\"https:\/\/gracenet.nu\/wp-content\/uploads\/2024\/12\/edit-300x170-1.jpg 300w, https:\/\/gracenet.nu\/wp-content\/uploads\/2024\/12\/edit-300x170-1-18x10.jpg 18w\" sizes=\"auto, (max-width: 300px) 100vw, 300px\" \/>\t\n\t\t<\/div>\n\t<!-- \/image-wrap -->\n    \n    \t<\/div>\n<!-- \/module image -->\t        <\/div>\n\t    \t<\/div>\n\t\t<div  data-lazy=\"1\" class=\"module_column tb-column col3-2 last tb_7ybw423 tf_box\">\n\t\t\t    \t        <div class=\"tb-column-inner tf_box tf_w\">\n\t\t    <!-- module text -->\n<div  class=\"module module-text tb_ceib423\" data-lazy=\"1\">\n        <div  class=\"tb_text_wrap\">\n    <p>Le texte et les pages web sont en cours de construction et peuvent \u00eatre modifi\u00e9s et am\u00e9lior\u00e9s. Je vous prie d'agr\u00e9er, Madame, Monsieur, l'expression de mes salutations distingu\u00e9es.<\/p>\n<p>L'anglais et le su\u00e9dois ont les meilleurs textes, mais excusez les erreurs grammaticales, les autres langues sont des parties traduites par ordinateur.<\/p>\n<p>Updated: 2024-12-14<\/p>    <\/div>\n<\/div>\n<!-- \/module text -->\t        <\/div>\n\t    \t<\/div>\n\t\t    <\/div>\n\t    <!-- \/row_inner -->\n\t<\/div>\n\t<!-- \/module_row -->\n\t\t<!-- module_row -->\n\t<div  data-lazy=\"1\" class=\"module_row themify_builder_row tb_xbwh857 tf_clearfix\">\n\t    \t\t<div class=\"row_inner col_align_top col-count-1 tf_box tf_w tf_rel\">\n\t\t\t<div  data-lazy=\"1\" class=\"module_column tb-column col-full first tb_fg2j860 tf_box\">\n\t\t\t    \t        <div class=\"tb-column-inner tf_box tf_w\">\n\t\t    <!-- module divider -->\n<div  class=\"module tf_mw module-divider tb_a9sh861 double\" style=\"border-width: 5px;border-color: #bdbdbd;\" data-lazy=\"1\">\n    <\/div>\n<!-- \/module divider -->\n<!-- module divider -->\n<div  class=\"module tf_mw module-divider tb_x6b034 double\" style=\"border-width: 5px;border-color: #bdbdbd;\" data-lazy=\"1\">\n    <\/div>\n<!-- \/module divider -->\n<!-- module divider -->\n<div  class=\"module tf_mw module-divider tb_fgci599 double\" style=\"border-width: 5px;border-color: #bdbdbd;\" data-lazy=\"1\">\n    <\/div>\n<!-- \/module divider -->\n\t        <\/div>\n\t    \t<\/div>\n\t\t    <\/div>\n\t    <!-- \/row_inner -->\n\t<\/div>\n\t<!-- \/module_row -->\n\t<\/div>\n<!--\/themify_builder_content-->","protected":false},"excerpt":{"rendered":"<p>Contact info\u00a0 Feel free to contact me if you have thoughts or questions about health or have tips on improvements on the website. I have a PhD in behavioural science from Orebro University and University of Gothenburg, other scientific subjects I have also studied. Contact: mail@gracenet.nu The text and web pages are under construction and [&hellip;]<\/p>","protected":false},"author":1,"featured_media":0,"parent":0,"menu_order":0,"comment_status":"closed","ping_status":"closed","template":"","meta":{"_seopress_robots_primary_cat":"","_seopress_titles_title":"","_seopress_titles_desc":"","_seopress_robots_index":"","h5ap_radio_sources":[],"iawp_total_views":0,"footnotes":""},"class_list":["post-64","page","type-page","status-publish","hentry","has-post-title","has-post-date","has-post-category","has-post-tag","has-post-comment","has-post-author",""],"_links":{"self":[{"href":"https:\/\/gracenet.nu\/fr\/wp-json\/wp\/v2\/pages\/64","targetHints":{"allow":["GET"]}}],"collection":[{"href":"https:\/\/gracenet.nu\/fr\/wp-json\/wp\/v2\/pages"}],"about":[{"href":"https:\/\/gracenet.nu\/fr\/wp-json\/wp\/v2\/types\/page"}],"author":[{"embeddable":true,"href":"https:\/\/gracenet.nu\/fr\/wp-json\/wp\/v2\/users\/1"}],"replies":[{"embeddable":true,"href":"https:\/\/gracenet.nu\/fr\/wp-json\/wp\/v2\/comments?post=64"}],"version-history":[{"count":37,"href":"https:\/\/gracenet.nu\/fr\/wp-json\/wp\/v2\/pages\/64\/revisions"}],"predecessor-version":[{"id":1491,"href":"https:\/\/gracenet.nu\/fr\/wp-json\/wp\/v2\/pages\/64\/revisions\/1491"}],"wp:attachment":[{"href":"https:\/\/gracenet.nu\/fr\/wp-json\/wp\/v2\/media?parent=64"}],"curies":[{"name":"wp","href":"https:\/\/api.w.org\/{rel}","templated":true}]}}