{"id":767,"date":"2022-11-13T19:40:49","date_gmt":"2022-11-13T19:40:49","guid":{"rendered":"https:\/\/thelighthouse.top\/contact-copy\/"},"modified":"2024-10-25T16:56:14","modified_gmt":"2024-10-25T16:56:14","slug":"share","status":"publish","type":"page","link":"https:\/\/gracenet.nu\/sv\/share\/","title":{"rendered":"Share"},"content":{"rendered":"<!--themify_builder_content-->\n<div id=\"themify_builder_content-767\" data-postid=\"767\" class=\"themify_builder_content themify_builder_content-767 themify_builder tf_clear\">\n    \t<!-- module_row -->\n\t<div  data-lazy=\"1\" class=\"module_row themify_builder_row tb_g62o6 tb_first tf_clearfix\">\n\t    \t\t<div class=\"row_inner col_align_top col-count-1 tf_box tf_w tf_rel\">\n\t\t\t<div  data-lazy=\"1\" class=\"module_column tb-column col-full first tb_uvow7 tf_box\">\n\t\t\t    \t        <div class=\"tb-column-inner tf_box tf_w\">\n\t\t    <!-- module image -->\n<div  class=\"module module-image tb_vwan536   image-center tf_mw\" data-lazy=\"1\">\n        <div class=\"image-wrap tf_rel tf_mw\">\n\t\t    <img loading=\"lazy\" decoding=\"async\" width=\"1024\" height=\"500\" src=\"https:\/\/gracenet.nu\/wp-content\/uploads\/2024\/10\/gracenet-share-facebook-fb-1024x500-1.jpg\" class=\"wp-post-image wp-image-1215\" title=\"gracenet-share-facebook-fb-1024x500\" alt=\"gracenet-share-facebook-fb-1024x500\" srcset=\"https:\/\/gracenet.nu\/wp-content\/uploads\/2024\/10\/gracenet-share-facebook-fb-1024x500-1.jpg 1024w, https:\/\/gracenet.nu\/wp-content\/uploads\/2024\/10\/gracenet-share-facebook-fb-1024x500-1-300x146.jpg 300w, https:\/\/gracenet.nu\/wp-content\/uploads\/2024\/10\/gracenet-share-facebook-fb-1024x500-1-768x375.jpg 768w, https:\/\/gracenet.nu\/wp-content\/uploads\/2024\/10\/gracenet-share-facebook-fb-1024x500-1-18x9.jpg 18w\" sizes=\"auto, (max-width: 1024px) 100vw, 1024px\" \/>\t\n\t\t<\/div>\n\t<!-- \/image-wrap -->\n    \n    \t<\/div>\n<!-- \/module image --><!-- module text -->\n<div  class=\"module module-text tb_icwy664\" data-lazy=\"1\">\n        <div  class=\"tb_text_wrap\">\n    <h3 style=\"text-align: center; background-clip: border-box; background-image: none;\">It is similar how to share GraceNet website on Facebook and Twitter<\/h3>    <\/div>\n<\/div>\n<!-- \/module text --><!-- module divider -->\n<div  class=\"module tf_mw module-divider tb_3lvb7 double\" style=\"border-width: 5px;border-color: #BDBDBD;\" data-lazy=\"1\">\n    <\/div>\n<!-- \/module divider -->\n\t        <\/div>\n\t    \t<\/div>\n\t\t    <\/div>\n\t    <!-- \/row_inner -->\n\t<\/div>\n\t<!-- \/module_row -->\n\t\t<!-- module_row -->\n\t<div  data-lazy=\"1\" class=\"module_row themify_builder_row tb_696c6 tf_clearfix\">\n\t    \t\t<div class=\"row_inner col_align_top col-count-2 tf_box tf_w tf_rel\">\n\t\t\t<div  data-lazy=\"1\" class=\"module_column tb-column col3-1 first tb_dsoc8 tf_box\">\n\t\t\t    \t        <div class=\"tb-column-inner tf_box tf_w\">\n\t\t    <!-- module image -->\n<div  class=\"module module-image tb_2pk48 rounded bordered  image-top tf_mw\" data-lazy=\"1\">\n        <div class=\"image-wrap tf_rel tf_mw\">\n\t\t    <img loading=\"lazy\" decoding=\"async\" width=\"300\" height=\"255\" src=\"https:\/\/gracenet.nu\/wp-content\/uploads\/2022\/11\/FB-login-300x250-1.jpg\" class=\"wp-post-image wp-image-715\" title=\"FB-inloggning-300x250\" alt=\"FB-login-300x250\" srcset=\"https:\/\/gracenet.nu\/wp-content\/uploads\/2022\/11\/FB-login-300x250-1.jpg 300w, https:\/\/gracenet.nu\/wp-content\/uploads\/2022\/11\/FB-login-300x250-1-14x12.jpg 14w\" sizes=\"auto, (max-width: 300px) 100vw, 300px\" \/>\t\n\t\t<\/div>\n\t<!-- \/image-wrap -->\n    \n    \t<\/div>\n<!-- \/module image --><!-- module image -->\n<div  class=\"module module-image tb_9qh08   image-top tf_mw\" data-lazy=\"1\">\n        <div class=\"image-wrap tf_rel tf_mw\">\n\t\t    \t\n\t\t<\/div>\n\t<!-- \/image-wrap -->\n    \n    \t<\/div>\n<!-- \/module image -->\t        <\/div>\n\t    \t<\/div>\n\t\t<div  data-lazy=\"1\" class=\"module_column tb-column col3-2 last tb_f5h88 tf_box\">\n\t\t\t    \t        <div class=\"tb-column-inner tf_box tf_w\">\n\t\t    <!-- module text -->\n<div  class=\"module module-text tb_6p2v8\" data-lazy=\"1\">\n        <div  class=\"tb_text_wrap\">\n    <h3 class=\"image-title\" style=\"margin-bottom: 0.3em; font-size: 1.1em;\" data-name=\"title_image\">1. First you need to be logged in to your Facebook account on the same phone or computer as the website GraceNet<\/h3>    <\/div>\n<\/div>\n<!-- \/module text -->\t        <\/div>\n\t    \t<\/div>\n\t\t    <\/div>\n\t    <!-- \/row_inner -->\n\t<\/div>\n\t<!-- \/module_row -->\n\t\t<!-- module_row -->\n\t<div  data-lazy=\"1\" class=\"module_row themify_builder_row tb_suw06 tf_clearfix\">\n\t    \t\t<div class=\"row_inner col_align_top col-count-1 tf_box tf_w tf_rel\">\n\t\t\t<div  data-lazy=\"1\" class=\"module_column tb-column col-full first tb_z9g88 tf_box\">\n\t\t\t    \t        <div class=\"tb-column-inner tf_box tf_w\">\n\t\t    <!-- module divider -->\n<div  class=\"module tf_mw module-divider tb_acef8 solid\" style=\"border-width: 1px;border-color: #bdbdbd;\" data-lazy=\"1\">\n    <\/div>\n<!-- \/module divider -->\n\t        <\/div>\n\t    \t<\/div>\n\t\t    <\/div>\n\t    <!-- \/row_inner -->\n\t<\/div>\n\t<!-- \/module_row -->\n\t\t<!-- module_row -->\n\t<div  data-lazy=\"1\" class=\"module_row themify_builder_row tb_c7ma6 tf_clearfix\">\n\t    \t\t<div class=\"row_inner col_align_top col-count-2 tf_box tf_w tf_rel\">\n\t\t\t<div  data-lazy=\"1\" class=\"module_column tb-column col3-1 first tb_7p389 tf_box\">\n\t\t\t    \t        <div class=\"tb-column-inner tf_box tf_w\">\n\t\t    <!-- module image -->\n<div  class=\"module module-image tb_thmx9 rounded bordered  image-top tf_mw\" data-lazy=\"1\">\n        <div class=\"image-wrap tf_rel tf_mw\">\n\t\t    <img loading=\"lazy\" decoding=\"async\" width=\"300\" height=\"244\" src=\"https:\/\/gracenet.nu\/wp-content\/uploads\/2024\/10\/fb-G1.jpg\" class=\"wp-post-image wp-image-1213\" title=\"fb-G1\" alt=\"fb-G1\" srcset=\"https:\/\/gracenet.nu\/wp-content\/uploads\/2024\/10\/fb-G1.jpg 300w, https:\/\/gracenet.nu\/wp-content\/uploads\/2024\/10\/fb-G1-15x12.jpg 15w\" sizes=\"auto, (max-width: 300px) 100vw, 300px\" \/>\t\n\t\t<\/div>\n\t<!-- \/image-wrap -->\n    \n    \t<\/div>\n<!-- \/module image --><!-- module image -->\n<div  class=\"module module-image tb_dl3u9   image-top tf_mw\" data-lazy=\"1\">\n        <div class=\"image-wrap tf_rel tf_mw\">\n\t\t    \t\n\t\t<\/div>\n\t<!-- \/image-wrap -->\n    \n    \t<\/div>\n<!-- \/module image -->\t        <\/div>\n\t    \t<\/div>\n\t\t<div  data-lazy=\"1\" class=\"module_column tb-column col3-2 last tb_ywc89 tf_box\">\n\t\t\t    \t        <div class=\"tb-column-inner tf_box tf_w\">\n\t\t    <!-- module text -->\n<div  class=\"module module-text tb_adnu10\" data-lazy=\"1\">\n        <div  class=\"tb_text_wrap\">\n    <h3 class=\"image-title\" style=\"margin-bottom: 0.3em; font-size: 1.1em;\" data-name=\"title_image\">2. At the bottom of GraceNet pages is the FB icon<\/h3>    <\/div>\n<\/div>\n<!-- \/module text -->\t        <\/div>\n\t    \t<\/div>\n\t\t    <\/div>\n\t    <!-- \/row_inner -->\n\t<\/div>\n\t<!-- \/module_row -->\n\t\t<!-- module_row -->\n\t<div  data-lazy=\"1\" class=\"module_row themify_builder_row tb_ahk46 tf_clearfix\">\n\t    \t\t<div class=\"row_inner col_align_top col-count-1 tf_box tf_w tf_rel\">\n\t\t\t<div  data-lazy=\"1\" class=\"module_column tb-column col-full first tb_27kg10 tf_box\">\n\t\t\t    \t        <div class=\"tb-column-inner tf_box tf_w\">\n\t\t    <!-- module divider -->\n<div  class=\"module tf_mw module-divider tb_e1h110 double\" style=\"border-width: 1px;border-color: #bdbdbd;\" data-lazy=\"1\">\n    <\/div>\n<!-- \/module divider -->\n\t        <\/div>\n\t    \t<\/div>\n\t\t    <\/div>\n\t    <!-- \/row_inner -->\n\t<\/div>\n\t<!-- \/module_row -->\n\t\t<!-- module_row -->\n\t<div  data-lazy=\"1\" class=\"module_row themify_builder_row tb_6nuu6 tf_clearfix\">\n\t    \t\t<div class=\"row_inner col_align_top col-count-2 tf_box tf_w tf_rel\">\n\t\t\t<div  data-lazy=\"1\" class=\"module_column tb-column col3-1 first tb_2vb010 tf_box\">\n\t\t\t    \t        <div class=\"tb-column-inner tf_box tf_w\">\n\t\t    <!-- module image -->\n<div  class=\"module module-image tb_ytlr11 rounded bordered  image-top tf_mw\" data-lazy=\"1\">\n        <div class=\"image-wrap tf_rel tf_mw\">\n\t\t    <img loading=\"lazy\" decoding=\"async\" width=\"300\" height=\"195\" src=\"https:\/\/gracenet.nu\/wp-content\/uploads\/2022\/11\/fb-2.jpg\" class=\"wp-post-image wp-image-710\" title=\"fb-2\" alt=\"fb-2\" srcset=\"https:\/\/gracenet.nu\/wp-content\/uploads\/2022\/11\/fb-2.jpg 300w, https:\/\/gracenet.nu\/wp-content\/uploads\/2022\/11\/fb-2-18x12.jpg 18w\" sizes=\"auto, (max-width: 300px) 100vw, 300px\" \/>\t\n\t\t<\/div>\n\t<!-- \/image-wrap -->\n    \n    \t<\/div>\n<!-- \/module image -->\t        <\/div>\n\t    \t<\/div>\n\t\t<div  data-lazy=\"1\" class=\"module_column tb-column col3-2 last tb_9a6611 tf_box\">\n\t\t\t    \t        <div class=\"tb-column-inner tf_box tf_w\">\n\t\t    <!-- module text -->\n<div  class=\"module module-text tb_mv0011\" data-lazy=\"1\">\n        <div  class=\"tb_text_wrap\">\n    <h3 class=\"image-title\" style=\"margin-bottom: 0.3em; font-size: 1.1em;\" data-name=\"title_image\">3. Placera finger\/muspekaren ovanp\u00e5 FB ikonen  och en ny ikon dyker upp med texten \"Dela\"\/\"Share\"<\/h3>    <\/div>\n<\/div>\n<!-- \/module text -->\t        <\/div>\n\t    \t<\/div>\n\t\t    <\/div>\n\t    <!-- \/row_inner -->\n\t<\/div>\n\t<!-- \/module_row -->\n\t\t<!-- module_row -->\n\t<div  data-lazy=\"1\" class=\"module_row themify_builder_row tb_1muz6 tf_clearfix\">\n\t    \t\t<div class=\"row_inner col_align_top col-count-1 tf_box tf_w tf_rel\">\n\t\t\t<div  data-lazy=\"1\" class=\"module_column tb-column col-full first tb_h1p911 tf_box\">\n\t\t\t    \t        <div class=\"tb-column-inner tf_box tf_w\">\n\t\t    <!-- module divider -->\n<div  class=\"module tf_mw module-divider tb_x7ck11 solid\" style=\"border-width: 1px;border-color: #bdbdbd;\" data-lazy=\"1\">\n    <\/div>\n<!-- \/module divider -->\n\t        <\/div>\n\t    \t<\/div>\n\t\t    <\/div>\n\t    <!-- \/row_inner -->\n\t<\/div>\n\t<!-- \/module_row -->\n\t\t<!-- module_row -->\n\t<div  data-lazy=\"1\" class=\"module_row themify_builder_row tb_jfm76 tf_clearfix\">\n\t    \t\t<div class=\"row_inner col_align_top col-count-2 tf_box tf_w tf_rel\">\n\t\t\t<div  data-lazy=\"1\" class=\"module_column tb-column col3-1 first tb_gcc911 tf_box\">\n\t\t\t    \t        <div class=\"tb-column-inner tf_box tf_w\">\n\t\t    <!-- module image -->\n<div  class=\"module module-image tb_slit11 rounded bordered  image-top tf_mw\" data-lazy=\"1\">\n        <div class=\"image-wrap tf_rel tf_mw\">\n\t\t    <img loading=\"lazy\" decoding=\"async\" width=\"300\" height=\"195\" src=\"https:\/\/gracenet.nu\/wp-content\/uploads\/2022\/11\/fb-3.jpg\" class=\"wp-post-image wp-image-724\" title=\"fb-3\" alt=\"fb-3\" srcset=\"https:\/\/gracenet.nu\/wp-content\/uploads\/2022\/11\/fb-3.jpg 300w, https:\/\/gracenet.nu\/wp-content\/uploads\/2022\/11\/fb-3-18x12.jpg 18w\" sizes=\"auto, (max-width: 300px) 100vw, 300px\" \/>\t\n\t\t<\/div>\n\t<!-- \/image-wrap -->\n    \n    \t<\/div>\n<!-- \/module image -->\t        <\/div>\n\t    \t<\/div>\n\t\t<div  data-lazy=\"1\" class=\"module_column tb-column col3-2 last tb_wdx711 tf_box\">\n\t\t\t    \t        <div class=\"tb-column-inner tf_box tf_w\">\n\t\t    <!-- module text -->\n<div  class=\"module module-text tb_g20311\" data-lazy=\"1\">\n        <div  class=\"tb_text_wrap\">\n    <h3 class=\"image-title\" style=\"margin-bottom: 0.3em; font-size: 1.1em;\" data-name=\"title_image\">4. Sen klickar du p\u00e5 FB ikonen med texten \"Dela\"\/\"Share\"<\/h3>    <\/div>\n<\/div>\n<!-- \/module text -->\t        <\/div>\n\t    \t<\/div>\n\t\t    <\/div>\n\t    <!-- \/row_inner -->\n\t<\/div>\n\t<!-- \/module_row -->\n\t\t<!-- module_row -->\n\t<div  data-lazy=\"1\" class=\"module_row themify_builder_row tb_1yyk6 tf_clearfix\">\n\t    \t\t<div class=\"row_inner col_align_top col-count-1 tf_box tf_w tf_rel\">\n\t\t\t<div  data-lazy=\"1\" class=\"module_column tb-column col-full first tb_ux7i12 tf_box\">\n\t\t\t    \t        <div class=\"tb-column-inner tf_box tf_w\">\n\t\t    <!-- module divider -->\n<div  class=\"module tf_mw module-divider tb_1x7912 double\" style=\"border-width: 1px;border-color: #bdbdbd;\" data-lazy=\"1\">\n    <\/div>\n<!-- \/module divider -->\n\t        <\/div>\n\t    \t<\/div>\n\t\t    <\/div>\n\t    <!-- \/row_inner -->\n\t<\/div>\n\t<!-- \/module_row -->\n\t\t<!-- module_row -->\n\t<div  data-lazy=\"1\" class=\"module_row themify_builder_row tb_5zhv6 tf_clearfix\">\n\t    \t\t<div class=\"row_inner col_align_top col-count-2 tf_box tf_w tf_rel\">\n\t\t\t<div  data-lazy=\"1\" class=\"module_column tb-column col3-1 first tb_yic812 tf_box\">\n\t\t\t    \t        <div class=\"tb-column-inner tf_box tf_w\">\n\t\t    <!-- module image -->\n<div  class=\"module module-image tb_l3pm12 rounded bordered  image-top tf_mw\" data-lazy=\"1\">\n        <div class=\"image-wrap tf_rel tf_mw\">\n\t\t    <img loading=\"lazy\" decoding=\"async\" width=\"300\" height=\"462\" src=\"https:\/\/gracenet.nu\/wp-content\/uploads\/2024\/10\/FB-share-Gracenet.jpg\" class=\"wp-post-image wp-image-1209\" title=\"FB-share-Gracenet\" alt=\"FB-share-Gracenet\" srcset=\"https:\/\/gracenet.nu\/wp-content\/uploads\/2024\/10\/FB-share-Gracenet.jpg 300w, https:\/\/gracenet.nu\/wp-content\/uploads\/2024\/10\/FB-share-Gracenet-195x300.jpg 195w, https:\/\/gracenet.nu\/wp-content\/uploads\/2024\/10\/FB-share-Gracenet-8x12.jpg 8w\" sizes=\"auto, (max-width: 300px) 100vw, 300px\" \/>\t\n\t\t<\/div>\n\t<!-- \/image-wrap -->\n    \n    \t<\/div>\n<!-- \/module image -->\t        <\/div>\n\t    \t<\/div>\n\t\t<div  data-lazy=\"1\" class=\"module_column tb-column col3-2 last tb_e2vx12 tf_box\">\n\t\t\t    \t        <div class=\"tb-column-inner tf_box tf_w\">\n\t\t    <!-- module text -->\n<div  class=\"module module-text tb_bma512\" data-lazy=\"1\">\n        <div  class=\"tb_text_wrap\">\n    <p><strong style=\"color: #000000;\">5. Din Facebook visar ny sida med inst\u00e4llningar och blivande bild och text att dela p\u00e5 FB<br><\/strong>(ibland tar det n\u00e5gra sekunder att ladda FB sidan)<\/p>\n<p><span style=\"color: #000000;\">A &#8211; Select where you want to share &#8220;GraceNet&#8221;<\/span><\/p>\n<p><span style=\"color: #000000;\">B &#8211; Here you can write a few words about &#8220;GraceNet&#8221;<\/span><\/p>\n<p><span style=\"color: #000000;\">C - Bilden kommer se ut s\u00e5 h\u00e4r p\u00e5 FB<\/span><\/p>\n<p><span style=\"color: #000000;\">D - Markera g\u00e4rna Offentlig\/Public<\/span><\/p>\n<p><span style=\"color: #000000;\">E - Klicka p\u00e5 \"Publicera p\u00e5 Facebook\"<\/span><\/p>    <\/div>\n<\/div>\n<!-- \/module text -->\t        <\/div>\n\t    \t<\/div>\n\t\t    <\/div>\n\t    <!-- \/row_inner -->\n\t<\/div>\n\t<!-- \/module_row -->\n\t\t<!-- module_row -->\n\t<div  data-lazy=\"1\" class=\"module_row themify_builder_row tb_9w6i6 tf_clearfix\">\n\t    \t\t<div class=\"row_inner col_align_top col-count-1 tf_box tf_w tf_rel\">\n\t\t\t<div  data-lazy=\"1\" class=\"module_column tb-column col-full first tb_bjkx12 tf_box\">\n\t\t\t    \t        <div class=\"tb-column-inner tf_box tf_w\">\n\t\t    <!-- module divider -->\n<div  class=\"module tf_mw module-divider tb_u2ql13 double\" style=\"border-width: 6px;border-color: #bdbdbd;\" data-lazy=\"1\">\n    <\/div>\n<!-- \/module divider -->\n<!-- module divider -->\n<div  class=\"module tf_mw module-divider tb_2eyt67 double\" style=\"border-width: 6px;border-color: #bdbdbd;\" data-lazy=\"1\">\n    <\/div>\n<!-- \/module divider -->\n<!-- module divider -->\n<div  class=\"module tf_mw module-divider tb_4acx614 double\" style=\"border-width: 6px;border-color: #bdbdbd;\" data-lazy=\"1\">\n    <\/div>\n<!-- \/module divider -->\n\t        <\/div>\n\t    \t<\/div>\n\t\t    <\/div>\n\t    <!-- \/row_inner -->\n\t<\/div>\n\t<!-- \/module_row -->\n\t<\/div>\n<!--\/themify_builder_content-->","protected":false},"excerpt":{"rendered":"<p>It is similar how to share GraceNet website on Facebook and Twitter 1. First you need to be logged in to your Facebook account on the same phone or computer as the website GraceNet 2. At the bottom of GraceNet pages is the FB icon 3. Place the finger\/mouse pointer on top of FB icon [&hellip;]<\/p>","protected":false},"author":1,"featured_media":0,"parent":0,"menu_order":0,"comment_status":"closed","ping_status":"closed","template":"","meta":{"_seopress_robots_primary_cat":"","_seopress_titles_title":"","_seopress_titles_desc":"","_seopress_robots_index":"","h5ap_radio_sources":[],"iawp_total_views":0,"footnotes":""},"class_list":["post-767","page","type-page","status-publish","hentry","has-post-title","has-post-date","has-post-category","has-post-tag","has-post-comment","has-post-author",""],"_links":{"self":[{"href":"https:\/\/gracenet.nu\/sv\/wp-json\/wp\/v2\/pages\/767","targetHints":{"allow":["GET"]}}],"collection":[{"href":"https:\/\/gracenet.nu\/sv\/wp-json\/wp\/v2\/pages"}],"about":[{"href":"https:\/\/gracenet.nu\/sv\/wp-json\/wp\/v2\/types\/page"}],"author":[{"embeddable":true,"href":"https:\/\/gracenet.nu\/sv\/wp-json\/wp\/v2\/users\/1"}],"replies":[{"embeddable":true,"href":"https:\/\/gracenet.nu\/sv\/wp-json\/wp\/v2\/comments?post=767"}],"version-history":[{"count":14,"href":"https:\/\/gracenet.nu\/sv\/wp-json\/wp\/v2\/pages\/767\/revisions"}],"predecessor-version":[{"id":1216,"href":"https:\/\/gracenet.nu\/sv\/wp-json\/wp\/v2\/pages\/767\/revisions\/1216"}],"wp:attachment":[{"href":"https:\/\/gracenet.nu\/sv\/wp-json\/wp\/v2\/media?parent=767"}],"curies":[{"name":"wp","href":"https:\/\/api.w.org\/{rel}","templated":true}]}}